{"id":947,"date":"2023-07-20T17:32:09","date_gmt":"2023-07-20T17:32:09","guid":{"rendered":"http:\/\/mieisabell.dk\/?page_id=947"},"modified":"2023-08-10T15:38:04","modified_gmt":"2023-08-10T15:38:04","slug":"erhvervsrettede-forloeb","status":"publish","type":"page","link":"https:\/\/mieisabell.dk\/index.php\/erhvervsrettede-forloeb\/","title":{"rendered":"Erhvervsrettede forl\u00f8b"},"content":{"rendered":"\t\t<div data-elementor-type=\"wp-page\" data-elementor-id=\"947\" class=\"elementor elementor-947\">\n\t\t\t\t\t\t<section class=\"elementor-section elementor-top-section elementor-element elementor-element-29f97b84 elementor-section-height-min-height elementor-section-boxed elementor-section-height-default elementor-section-items-middle\" data-id=\"29f97b84\" data-element_type=\"section\" data-e-type=\"section\" data-settings=\"{&quot;background_background&quot;:&quot;classic&quot;,&quot;shape_divider_bottom&quot;:&quot;opacity-tilt&quot;}\">\n\t\t\t\t\t\t\t<div class=\"elementor-background-overlay\"><\/div>\n\t\t\t\t\t\t<div class=\"elementor-shape elementor-shape-bottom\" aria-hidden=\"true\" data-negative=\"false\">\n\t\t\t<svg xmlns=\"http:\/\/www.w3.org\/2000\/svg\" viewBox=\"0 0 2600 131.1\" preserveAspectRatio=\"none\">\n\t<path class=\"elementor-shape-fill\" d=\"M0 0L2600 0 2600 69.1 0 0z\"\/>\n\t<path class=\"elementor-shape-fill\" style=\"opacity:0.5\" d=\"M0 0L2600 0 2600 69.1 0 69.1z\"\/>\n\t<path class=\"elementor-shape-fill\" style=\"opacity:0.25\" d=\"M2600 0L0 0 0 130.1 2600 69.1z\"\/>\n<\/svg>\t\t<\/div>\n\t\t\t\t\t<div class=\"elementor-container elementor-column-gap-default\">\n\t\t\t\t\t<div class=\"elementor-column elementor-col-100 elementor-top-column elementor-element elementor-element-55be171e\" data-id=\"55be171e\" data-element_type=\"column\" data-e-type=\"column\">\n\t\t\t<div class=\"elementor-widget-wrap elementor-element-populated\">\n\t\t\t\t\t\t<div class=\"elementor-element elementor-element-7ec37a15 elementor-widget elementor-widget-heading\" data-id=\"7ec37a15\" data-element_type=\"widget\" data-e-type=\"widget\" data-widget_type=\"heading.default\">\n\t\t\t\t<div class=\"elementor-widget-container\">\n\t\t\t\t\t<h2 class=\"elementor-heading-title elementor-size-default\">Mie Isabell<\/h2>\t\t\t\t<\/div>\n\t\t\t\t<\/div>\n\t\t\t\t<div class=\"elementor-element elementor-element-51602044 elementor-widget elementor-widget-heading\" data-id=\"51602044\" data-element_type=\"widget\" data-e-type=\"widget\" data-widget_type=\"heading.default\">\n\t\t\t\t<div class=\"elementor-widget-container\">\n\t\t\t\t\t<h2 class=\"elementor-heading-title elementor-size-default\">Erhvervsrettede forl\u00f8b<\/h2>\t\t\t\t<\/div>\n\t\t\t\t<\/div>\n\t\t\t\t\t<\/div>\n\t\t<\/div>\n\t\t\t\t\t<\/div>\n\t\t<\/section>\n\t\t\t\t<section class=\"elementor-section elementor-top-section elementor-element elementor-element-7525837b elementor-section-boxed elementor-section-height-default elementor-section-height-default\" data-id=\"7525837b\" data-element_type=\"section\" data-e-type=\"section\">\n\t\t\t\t\t\t<div class=\"elementor-container elementor-column-gap-default\">\n\t\t\t\t\t<div class=\"elementor-column elementor-col-100 elementor-top-column elementor-element elementor-element-92f2c6c\" data-id=\"92f2c6c\" data-element_type=\"column\" data-e-type=\"column\">\n\t\t\t<div class=\"elementor-widget-wrap elementor-element-populated\">\n\t\t\t\t\t\t<div class=\"elementor-element elementor-element-23e344b6 elementor-widget elementor-widget-heading\" data-id=\"23e344b6\" data-element_type=\"widget\" data-e-type=\"widget\" data-widget_type=\"heading.default\">\n\t\t\t\t<div class=\"elementor-widget-container\">\n\t\t\t\t\t<h2 class=\"elementor-heading-title elementor-size-default\">Erhvervsrettede forl\u00f8b<\/h2>\t\t\t\t<\/div>\n\t\t\t\t<\/div>\n\t\t\t\t<div class=\"elementor-element elementor-element-2e9a32b8 elementor-invisible elementor-widget elementor-widget-text-editor\" data-id=\"2e9a32b8\" data-element_type=\"widget\" data-e-type=\"widget\" data-settings=\"{&quot;_animation&quot;:&quot;fadeInDown&quot;}\" data-widget_type=\"text-editor.default\">\n\t\t\t\t<div class=\"elementor-widget-container\">\n\t\t\t\t\t\t\t\t\t<p>\u00d8nsker I som virksomhed at skabe mere trivsel og gl\u00e6de hos jeres medarbejdere, brugere, elever, kursister, og l\u00f8fte dem fra A til B som menneske, tilbyder jeg skr\u00e6ddersyede forl\u00f8b til b\u00e5de <br \/>Kommune, jobcenter, Folkeskole, erhvervsskole, institutioner samt private virksomheder.<\/p>\t\t\t\t\t\t\t\t<\/div>\n\t\t\t\t<\/div>\n\t\t\t\t\t<\/div>\n\t\t<\/div>\n\t\t\t\t\t<\/div>\n\t\t<\/section>\n\t\t\t\t<section class=\"elementor-section elementor-top-section elementor-element elementor-element-50674a16 elementor-section-boxed elementor-section-height-default elementor-section-height-default\" data-id=\"50674a16\" data-element_type=\"section\" data-e-type=\"section\" data-settings=\"{&quot;background_background&quot;:&quot;gradient&quot;,&quot;shape_divider_top&quot;:&quot;opacity-tilt&quot;,&quot;shape_divider_bottom&quot;:&quot;opacity-tilt&quot;}\">\n\t\t\t\t\t<div class=\"elementor-shape elementor-shape-top\" aria-hidden=\"true\" data-negative=\"false\">\n\t\t\t<svg xmlns=\"http:\/\/www.w3.org\/2000\/svg\" viewBox=\"0 0 2600 131.1\" preserveAspectRatio=\"none\">\n\t<path class=\"elementor-shape-fill\" d=\"M0 0L2600 0 2600 69.1 0 0z\"\/>\n\t<path class=\"elementor-shape-fill\" style=\"opacity:0.5\" d=\"M0 0L2600 0 2600 69.1 0 69.1z\"\/>\n\t<path class=\"elementor-shape-fill\" style=\"opacity:0.25\" d=\"M2600 0L0 0 0 130.1 2600 69.1z\"\/>\n<\/svg>\t\t<\/div>\n\t\t\t\t<div class=\"elementor-shape elementor-shape-bottom\" aria-hidden=\"true\" data-negative=\"false\">\n\t\t\t<svg xmlns=\"http:\/\/www.w3.org\/2000\/svg\" viewBox=\"0 0 2600 131.1\" preserveAspectRatio=\"none\">\n\t<path class=\"elementor-shape-fill\" d=\"M0 0L2600 0 2600 69.1 0 0z\"\/>\n\t<path class=\"elementor-shape-fill\" style=\"opacity:0.5\" d=\"M0 0L2600 0 2600 69.1 0 69.1z\"\/>\n\t<path class=\"elementor-shape-fill\" style=\"opacity:0.25\" d=\"M2600 0L0 0 0 130.1 2600 69.1z\"\/>\n<\/svg>\t\t<\/div>\n\t\t\t\t\t<div class=\"elementor-container elementor-column-gap-default\">\n\t\t\t\t\t<div class=\"elementor-column elementor-col-50 elementor-top-column elementor-element elementor-element-1a8373af\" data-id=\"1a8373af\" data-element_type=\"column\" data-e-type=\"column\">\n\t\t\t<div class=\"elementor-widget-wrap elementor-element-populated\">\n\t\t\t\t\t\t<div class=\"elementor-element elementor-element-544d3967 elementor-widget elementor-widget-heading\" data-id=\"544d3967\" data-element_type=\"widget\" data-e-type=\"widget\" data-widget_type=\"heading.default\">\n\t\t\t\t<div class=\"elementor-widget-container\">\n\t\t\t\t\t<h4 class=\"elementor-heading-title elementor-size-default\">Trivsel f\u00f8rer til bedre resultater<\/h4>\t\t\t\t<\/div>\n\t\t\t\t<\/div>\n\t\t\t\t<div class=\"elementor-element elementor-element-2c45e494 elementor-widget elementor-widget-text-editor\" data-id=\"2c45e494\" data-element_type=\"widget\" data-e-type=\"widget\" data-widget_type=\"text-editor.default\">\n\t\t\t\t<div class=\"elementor-widget-container\">\n\t\t\t\t\t\t\t\t\t<p>Ofte ser virksomheder p\u00e5 resultater. Om du er fra kommune, skole, eller en privat virksomhed er underordnet. Tal der skal passe, lovgivning der skal overholdes, deadlines og krav som er et must at n\u00e5. De \u201dbl\u00f8de\u201d v\u00e6rdier har vi alle, men ofte kan tiden, prioriteterne og penge samt mangel p\u00e5 fokus, v\u00e6re en forhindring for at vi som virksomhed har snuden i sporet p\u00e5 menneskets trivsel.<\/p><p>Alle virksomheder best\u00e5r at mennesker. Som t\u00e6nker, f\u00f8ler og reagerer. At have mennesket i fokus og arbejde med de psykologiske aspekter, kan v\u00e6re alfa omega for at opn\u00e5 bedre resultater. Derfor tilbyder jeg forl\u00f8b, dage og kurser, som netop omfavner, uddanner og indkapsler de psykologiske aspekt at v\u00e6re til som kollega, kursist, medarbejder og elev.\u00a0<\/p><p>Som uddannet b\u00e5de folkeskolel\u00e6rer samt voksenunderviser, har jeg stor erfaring med at undervise, tilrettel\u00e6gge forl\u00f8b samt b\u00e5de didaktisk og p\u00e6dagogisk at favne de mennesker jeg st\u00e5r overfor.<\/p><p>Jeg har stor erfaring med montering og tilrettel\u00e6gger inddragende undervisningsforl\u00f8b der sikrer stor forst\u00e5else og tydelighed. Psykologske emner om personlig udvikling, selvforst\u00e5else, trivsel, personligt potentiale, selvudvikling kan indg\u00e5 i kurset.<\/p><p>\u00d8nsker i at h\u00f8re mere om mulighederne for netop jeres virksomhed, s\u00e5 <a href=\"https:\/\/mieisabell.dk\/index.php\/kontakt\/\">kontakt mig for yderligere information og priser.<\/a><\/p>\t\t\t\t\t\t\t\t<\/div>\n\t\t\t\t<\/div>\n\t\t\t\t\t<\/div>\n\t\t<\/div>\n\t\t\t\t<div class=\"elementor-column elementor-col-50 elementor-top-column elementor-element elementor-element-26651bf4\" data-id=\"26651bf4\" data-element_type=\"column\" data-e-type=\"column\">\n\t\t\t<div class=\"elementor-widget-wrap elementor-element-populated\">\n\t\t\t\t\t\t<div class=\"elementor-element elementor-element-4e3183b elementor-widget elementor-widget-image\" data-id=\"4e3183b\" data-element_type=\"widget\" data-e-type=\"widget\" data-widget_type=\"image.default\">\n\t\t\t\t<div class=\"elementor-widget-container\">\n\t\t\t\t\t\t\t\t\t\t\t\t\t\t\t<img fetchpriority=\"high\" decoding=\"async\" width=\"683\" height=\"1024\" src=\"https:\/\/mieisabell.dk\/wp-content\/uploads\/2023\/08\/mie_isabell_erhverv_banner_right_V1-683x1024.jpg\" class=\"attachment-large size-large wp-image-1063\" alt=\"\" srcset=\"https:\/\/mieisabell.dk\/wp-content\/uploads\/2023\/08\/mie_isabell_erhverv_banner_right_V1-683x1024.jpg 683w, https:\/\/mieisabell.dk\/wp-content\/uploads\/2023\/08\/mie_isabell_erhverv_banner_right_V1-200x300.jpg 200w, https:\/\/mieisabell.dk\/wp-content\/uploads\/2023\/08\/mie_isabell_erhverv_banner_right_V1-768x1152.jpg 768w, https:\/\/mieisabell.dk\/wp-content\/uploads\/2023\/08\/mie_isabell_erhverv_banner_right_V1.jpg 800w\" sizes=\"(max-width: 683px) 100vw, 683px\" \/>\t\t\t\t\t\t\t\t\t\t\t\t\t\t\t<\/div>\n\t\t\t\t<\/div>\n\t\t\t\t\t<\/div>\n\t\t<\/div>\n\t\t\t\t\t<\/div>\n\t\t<\/section>\n\t\t\t\t<\/div>\n\t\t","protected":false},"excerpt":{"rendered":"<p>Mie Isabell Erhvervsrettede forl\u00f8b Erhvervsrettede forl\u00f8b \u00d8nsker I som virksomhed at skabe mere trivsel og gl\u00e6de hos jeres medarbejdere, brugere, elever, kursister, og l\u00f8fte dem fra A til B som menneske, tilbyder jeg skr\u00e6ddersyede forl\u00f8b til b\u00e5de Kommune, jobcenter, Folkeskole, erhvervsskole, institutioner samt private virksomheder. Trivsel f\u00f8rer til bedre resultater Ofte ser virksomheder p\u00e5 resultater. [&hellip;]<\/p>\n","protected":false},"author":1,"featured_media":0,"parent":0,"menu_order":0,"comment_status":"closed","ping_status":"closed","template":"","meta":{"footnotes":""},"class_list":["post-947","page","type-page","status-publish","hentry"],"_links":{"self":[{"href":"https:\/\/mieisabell.dk\/index.php\/wp-json\/wp\/v2\/pages\/947","targetHints":{"allow":["GET"]}}],"collection":[{"href":"https:\/\/mieisabell.dk\/index.php\/wp-json\/wp\/v2\/pages"}],"about":[{"href":"https:\/\/mieisabell.dk\/index.php\/wp-json\/wp\/v2\/types\/page"}],"author":[{"embeddable":true,"href":"https:\/\/mieisabell.dk\/index.php\/wp-json\/wp\/v2\/users\/1"}],"replies":[{"embeddable":true,"href":"https:\/\/mieisabell.dk\/index.php\/wp-json\/wp\/v2\/comments?post=947"}],"version-history":[{"count":19,"href":"https:\/\/mieisabell.dk\/index.php\/wp-json\/wp\/v2\/pages\/947\/revisions"}],"predecessor-version":[{"id":1085,"href":"https:\/\/mieisabell.dk\/index.php\/wp-json\/wp\/v2\/pages\/947\/revisions\/1085"}],"wp:attachment":[{"href":"https:\/\/mieisabell.dk\/index.php\/wp-json\/wp\/v2\/media?parent=947"}],"curies":[{"name":"wp","href":"https:\/\/api.w.org\/{rel}","templated":true}]}}