{"id":613,"date":"2023-06-17T09:25:55","date_gmt":"2023-06-17T09:25:55","guid":{"rendered":"http:\/\/mieisabell.dk\/?page_id=613"},"modified":"2023-12-08T19:37:53","modified_gmt":"2023-12-08T19:37:53","slug":"selvaerd-og-selvtillid","status":"publish","type":"page","link":"https:\/\/mieisabell.dk\/index.php\/selvaerd-og-selvtillid\/","title":{"rendered":"Selv\u00e6rd og selvtillid"},"content":{"rendered":"\t\t<div data-elementor-type=\"wp-page\" data-elementor-id=\"613\" class=\"elementor elementor-613\">\n\t\t\t\t\t\t<section class=\"elementor-section elementor-top-section elementor-element elementor-element-7491a40c elementor-section-height-min-height elementor-section-boxed elementor-section-height-default elementor-section-items-middle\" data-id=\"7491a40c\" data-element_type=\"section\" data-e-type=\"section\" data-settings=\"{&quot;background_background&quot;:&quot;classic&quot;,&quot;shape_divider_bottom&quot;:&quot;opacity-tilt&quot;}\">\n\t\t\t\t\t\t\t<div class=\"elementor-background-overlay\"><\/div>\n\t\t\t\t\t\t<div class=\"elementor-shape elementor-shape-bottom\" aria-hidden=\"true\" data-negative=\"false\">\n\t\t\t<svg xmlns=\"http:\/\/www.w3.org\/2000\/svg\" viewBox=\"0 0 2600 131.1\" preserveAspectRatio=\"none\">\n\t<path class=\"elementor-shape-fill\" d=\"M0 0L2600 0 2600 69.1 0 0z\"\/>\n\t<path class=\"elementor-shape-fill\" style=\"opacity:0.5\" d=\"M0 0L2600 0 2600 69.1 0 69.1z\"\/>\n\t<path class=\"elementor-shape-fill\" style=\"opacity:0.25\" d=\"M2600 0L0 0 0 130.1 2600 69.1z\"\/>\n<\/svg>\t\t<\/div>\n\t\t\t\t\t<div class=\"elementor-container elementor-column-gap-default\">\n\t\t\t\t\t<div class=\"elementor-column elementor-col-100 elementor-top-column elementor-element elementor-element-4809b40d\" data-id=\"4809b40d\" data-element_type=\"column\" data-e-type=\"column\">\n\t\t\t<div class=\"elementor-widget-wrap elementor-element-populated\">\n\t\t\t\t\t\t<div class=\"elementor-element elementor-element-655d4db5 elementor-widget elementor-widget-heading\" data-id=\"655d4db5\" data-element_type=\"widget\" data-e-type=\"widget\" data-widget_type=\"heading.default\">\n\t\t\t\t<div class=\"elementor-widget-container\">\n\t\t\t\t\t<h2 class=\"elementor-heading-title elementor-size-default\">Mie Isabell<\/h2>\t\t\t\t<\/div>\n\t\t\t\t<\/div>\n\t\t\t\t<div class=\"elementor-element elementor-element-7d29ba8d elementor-widget elementor-widget-heading\" data-id=\"7d29ba8d\" data-element_type=\"widget\" data-e-type=\"widget\" data-widget_type=\"heading.default\">\n\t\t\t\t<div class=\"elementor-widget-container\">\n\t\t\t\t\t<h2 class=\"elementor-heading-title elementor-size-default\">Selvv\u00e6rd og selvtillid<\/h2>\t\t\t\t<\/div>\n\t\t\t\t<\/div>\n\t\t\t\t\t<\/div>\n\t\t<\/div>\n\t\t\t\t\t<\/div>\n\t\t<\/section>\n\t\t\t\t<section class=\"elementor-section elementor-top-section elementor-element elementor-element-2fae24ab elementor-section-boxed elementor-section-height-default elementor-section-height-default\" data-id=\"2fae24ab\" data-element_type=\"section\" data-e-type=\"section\">\n\t\t\t\t\t\t<div class=\"elementor-container elementor-column-gap-default\">\n\t\t\t\t\t<div class=\"elementor-column elementor-col-100 elementor-top-column elementor-element elementor-element-682e389\" data-id=\"682e389\" data-element_type=\"column\" data-e-type=\"column\">\n\t\t\t<div class=\"elementor-widget-wrap elementor-element-populated\">\n\t\t\t\t\t\t<div class=\"elementor-element elementor-element-54117eb4 elementor-widget elementor-widget-heading\" data-id=\"54117eb4\" data-element_type=\"widget\" data-e-type=\"widget\" data-widget_type=\"heading.default\">\n\t\t\t\t<div class=\"elementor-widget-container\">\n\t\t\t\t\t<h2 class=\"elementor-heading-title elementor-size-default\"> M\u00e5ske kan du nikke genkendende til f\u00f8lgende:?<\/h2>\t\t\t\t<\/div>\n\t\t\t\t<\/div>\n\t\t\t\t<div class=\"elementor-element elementor-element-249466cb elementor-invisible elementor-widget elementor-widget-text-editor\" data-id=\"249466cb\" data-element_type=\"widget\" data-e-type=\"widget\" data-settings=\"{&quot;_animation&quot;:&quot;fadeInDown&quot;}\" data-widget_type=\"text-editor.default\">\n\t\t\t\t<div class=\"elementor-widget-container\">\n\t\t\t\t\t\t\t\t\t<p>\u2022 Er det vigtigt at andre t\u00e6nker godt om dig<br \/>\u2022 F\u00f8ler du ikke at du er god nok<br \/>\u2022 Kan det v\u00e6re sv\u00e6rt at sige fra overfor andre.<br \/>\u2022 F\u00f8ler du ikke du er noget v\u00e6rd<\/p>\t\t\t\t\t\t\t\t<\/div>\n\t\t\t\t<\/div>\n\t\t\t\t\t<\/div>\n\t\t<\/div>\n\t\t\t\t\t<\/div>\n\t\t<\/section>\n\t\t\t\t<section class=\"elementor-section elementor-top-section elementor-element elementor-element-dd1e7b0 elementor-section-boxed elementor-section-height-default elementor-section-height-default\" data-id=\"dd1e7b0\" data-element_type=\"section\" data-e-type=\"section\" data-settings=\"{&quot;background_background&quot;:&quot;gradient&quot;,&quot;shape_divider_top&quot;:&quot;opacity-tilt&quot;,&quot;shape_divider_bottom&quot;:&quot;opacity-tilt&quot;}\">\n\t\t\t\t\t<div class=\"elementor-shape elementor-shape-top\" aria-hidden=\"true\" data-negative=\"false\">\n\t\t\t<svg xmlns=\"http:\/\/www.w3.org\/2000\/svg\" viewBox=\"0 0 2600 131.1\" preserveAspectRatio=\"none\">\n\t<path class=\"elementor-shape-fill\" d=\"M0 0L2600 0 2600 69.1 0 0z\"\/>\n\t<path class=\"elementor-shape-fill\" style=\"opacity:0.5\" d=\"M0 0L2600 0 2600 69.1 0 69.1z\"\/>\n\t<path class=\"elementor-shape-fill\" style=\"opacity:0.25\" d=\"M2600 0L0 0 0 130.1 2600 69.1z\"\/>\n<\/svg>\t\t<\/div>\n\t\t\t\t<div class=\"elementor-shape elementor-shape-bottom\" aria-hidden=\"true\" data-negative=\"false\">\n\t\t\t<svg xmlns=\"http:\/\/www.w3.org\/2000\/svg\" viewBox=\"0 0 2600 131.1\" preserveAspectRatio=\"none\">\n\t<path class=\"elementor-shape-fill\" d=\"M0 0L2600 0 2600 69.1 0 0z\"\/>\n\t<path class=\"elementor-shape-fill\" style=\"opacity:0.5\" d=\"M0 0L2600 0 2600 69.1 0 69.1z\"\/>\n\t<path class=\"elementor-shape-fill\" style=\"opacity:0.25\" d=\"M2600 0L0 0 0 130.1 2600 69.1z\"\/>\n<\/svg>\t\t<\/div>\n\t\t\t\t\t<div class=\"elementor-container elementor-column-gap-default\">\n\t\t\t\t\t<div class=\"elementor-column elementor-col-50 elementor-top-column elementor-element elementor-element-15b66c56\" data-id=\"15b66c56\" data-element_type=\"column\" data-e-type=\"column\">\n\t\t\t<div class=\"elementor-widget-wrap elementor-element-populated\">\n\t\t\t\t\t\t<div class=\"elementor-element elementor-element-4eb39a74 elementor-widget elementor-widget-heading\" data-id=\"4eb39a74\" data-element_type=\"widget\" data-e-type=\"widget\" data-widget_type=\"heading.default\">\n\t\t\t\t<div class=\"elementor-widget-container\">\n\t\t\t\t\t<h4 class=\"elementor-heading-title elementor-size-default\">Hvad er selvv\u00e6rd og selvtillid egentligt?<\/h4>\t\t\t\t<\/div>\n\t\t\t\t<\/div>\n\t\t\t\t<div class=\"elementor-element elementor-element-7e8536c3 elementor-widget elementor-widget-text-editor\" data-id=\"7e8536c3\" data-element_type=\"widget\" data-e-type=\"widget\" data-widget_type=\"text-editor.default\">\n\t\t\t\t<div class=\"elementor-widget-container\">\n\t\t\t\t\t\t\t\t\t<p>Alle taler om det; selvtillid og selvv\u00e6rd. Har du poserne fulde af det eller st\u00e5r du og kigger ned i poserne og godt kunne komme mere, i hver af poserne?<br \/><br \/>Kender du egentlig forskellen mellem selvtillid og selvv\u00e6rd? Mange bruger begreberne i fl\u00e6ng og det kan v\u00e6re sv\u00e6rt at forst\u00e5 forskellen. selvv\u00e6rd betyder at v\u00e6re tilfreds med sig selv. At f\u00f8le ens eget v\u00e6rd som menneske. At kende sine gode sider og acceptere sine fejl og mangler. Selvv\u00e6rd er en fornemmelse af v\u00e6rd, bare fordi man er til. Selvv\u00e6rd skabes idet indre.<\/p><p>Selvtillid handler om at v\u00e6re tilfreds med det man g\u00f8r. Selvtillid er m\u00e5den man bruger sine f\u00e6rdigheder p\u00e5, i forhold til andre mennesker. Tillid til sig selv, sine evner og sin kunnen. Selvtillid er tilliden til sin egen form\u00e5en. Selvtillid udleves i det ydre. (billede af forskellen)<\/p>\t\t\t\t\t\t\t\t<\/div>\n\t\t\t\t<\/div>\n\t\t\t\t\t<\/div>\n\t\t<\/div>\n\t\t\t\t<div class=\"elementor-column elementor-col-50 elementor-top-column elementor-element elementor-element-363ba566\" data-id=\"363ba566\" data-element_type=\"column\" data-e-type=\"column\">\n\t\t\t<div class=\"elementor-widget-wrap\">\n\t\t\t\t\t\t\t<\/div>\n\t\t<\/div>\n\t\t\t\t\t<\/div>\n\t\t<\/section>\n\t\t\t\t<section class=\"elementor-section elementor-top-section elementor-element elementor-element-2a4d2c68 elementor-section-boxed elementor-section-height-default elementor-section-height-default\" data-id=\"2a4d2c68\" data-element_type=\"section\" data-e-type=\"section\" data-settings=\"{&quot;background_background&quot;:&quot;gradient&quot;,&quot;shape_divider_top&quot;:&quot;opacity-tilt&quot;,&quot;shape_divider_bottom&quot;:&quot;opacity-tilt&quot;}\">\n\t\t\t\t\t<div class=\"elementor-shape elementor-shape-top\" aria-hidden=\"true\" data-negative=\"false\">\n\t\t\t<svg xmlns=\"http:\/\/www.w3.org\/2000\/svg\" viewBox=\"0 0 2600 131.1\" preserveAspectRatio=\"none\">\n\t<path class=\"elementor-shape-fill\" d=\"M0 0L2600 0 2600 69.1 0 0z\"\/>\n\t<path class=\"elementor-shape-fill\" style=\"opacity:0.5\" d=\"M0 0L2600 0 2600 69.1 0 69.1z\"\/>\n\t<path class=\"elementor-shape-fill\" style=\"opacity:0.25\" d=\"M2600 0L0 0 0 130.1 2600 69.1z\"\/>\n<\/svg>\t\t<\/div>\n\t\t\t\t<div class=\"elementor-shape elementor-shape-bottom\" aria-hidden=\"true\" data-negative=\"false\">\n\t\t\t<svg xmlns=\"http:\/\/www.w3.org\/2000\/svg\" viewBox=\"0 0 2600 131.1\" preserveAspectRatio=\"none\">\n\t<path class=\"elementor-shape-fill\" d=\"M0 0L2600 0 2600 69.1 0 0z\"\/>\n\t<path class=\"elementor-shape-fill\" style=\"opacity:0.5\" d=\"M0 0L2600 0 2600 69.1 0 69.1z\"\/>\n\t<path class=\"elementor-shape-fill\" style=\"opacity:0.25\" d=\"M2600 0L0 0 0 130.1 2600 69.1z\"\/>\n<\/svg>\t\t<\/div>\n\t\t\t\t\t<div class=\"elementor-container elementor-column-gap-default\">\n\t\t\t\t\t<div class=\"elementor-column elementor-col-50 elementor-top-column elementor-element elementor-element-178f66d9\" data-id=\"178f66d9\" data-element_type=\"column\" data-e-type=\"column\">\n\t\t\t<div class=\"elementor-widget-wrap elementor-element-populated\">\n\t\t\t\t\t\t<div class=\"elementor-element elementor-element-7d3c00d0 elementor-widget elementor-widget-heading\" data-id=\"7d3c00d0\" data-element_type=\"widget\" data-e-type=\"widget\" data-widget_type=\"heading.default\">\n\t\t\t\t<div class=\"elementor-widget-container\">\n\t\t\t\t\t<h4 class=\"elementor-heading-title elementor-size-default\">Ikke noget vi er f\u00f8dt med<\/h4>\t\t\t\t<\/div>\n\t\t\t\t<\/div>\n\t\t\t\t<div class=\"elementor-element elementor-element-379e599f elementor-widget elementor-widget-text-editor\" data-id=\"379e599f\" data-element_type=\"widget\" data-e-type=\"widget\" data-widget_type=\"text-editor.default\">\n\t\t\t\t<div class=\"elementor-widget-container\">\n\t\t\t\t\t\t\t\t\t<p>Selvv\u00e6rd og selvtillid er ikke noget vi er f\u00f8dt med. Det grundl\u00e6gges i barndommen og svinger gennem livet. Et lavt selvv\u00e6rd har store konsekvenser for vores livskvalitet. Det er aldrig for sent at arbejde med at udvikle et solidt og sundt selvv\u00e6rd. <br \/><br \/>Alle kan indimellem v\u00e6re utilfredse med sig selv, men har man et lavt selvv\u00e6rd, kan det v\u00e6re sv\u00e6rt at g\u00f8re noget ved det. Hvis vi mangler noget, fors\u00f8ger vi at kompensere. M\u00e5ske kompenserer vi ved at blive dygtige til noget bestemt, men det f\u00e5r os ikke n\u00f8dvendigvis til at holde mere af os selv. M\u00e5ske praler vi for at fremh\u00e6ve en selv eller det omvendte; m\u00e5ske lukker vi os inde i en skal og taler ikke med nogen.<\/p>\t\t\t\t\t\t\t\t<\/div>\n\t\t\t\t<\/div>\n\t\t\t\t\t<\/div>\n\t\t<\/div>\n\t\t\t\t<div class=\"elementor-column elementor-col-50 elementor-top-column elementor-element elementor-element-64005563\" data-id=\"64005563\" data-element_type=\"column\" data-e-type=\"column\">\n\t\t\t<div class=\"elementor-widget-wrap\">\n\t\t\t\t\t\t\t<\/div>\n\t\t<\/div>\n\t\t\t\t\t<\/div>\n\t\t<\/section>\n\t\t\t\t<section class=\"elementor-section elementor-top-section elementor-element elementor-element-5473cb18 elementor-section-boxed elementor-section-height-default elementor-section-height-default\" data-id=\"5473cb18\" data-element_type=\"section\" data-e-type=\"section\">\n\t\t\t\t\t\t<div class=\"elementor-container elementor-column-gap-default\">\n\t\t\t\t\t<div class=\"elementor-column elementor-col-50 elementor-top-column elementor-element elementor-element-4694c97b\" data-id=\"4694c97b\" data-element_type=\"column\" data-e-type=\"column\">\n\t\t\t<div class=\"elementor-widget-wrap\">\n\t\t\t\t\t\t\t<\/div>\n\t\t<\/div>\n\t\t\t\t<div class=\"elementor-column elementor-col-50 elementor-top-column elementor-element elementor-element-6d97d4a0\" data-id=\"6d97d4a0\" data-element_type=\"column\" data-e-type=\"column\" data-settings=\"{&quot;background_background&quot;:&quot;classic&quot;}\">\n\t\t\t<div class=\"elementor-widget-wrap elementor-element-populated\">\n\t\t\t\t\t\t<div class=\"elementor-element elementor-element-5ca26efa elementor-widget elementor-widget-image\" data-id=\"5ca26efa\" data-element_type=\"widget\" data-e-type=\"widget\" data-widget_type=\"image.default\">\n\t\t\t\t<div class=\"elementor-widget-container\">\n\t\t\t\t\t\t\t\t\t\t\t\t\t\t\t<img fetchpriority=\"high\" decoding=\"async\" width=\"800\" height=\"618\" src=\"https:\/\/mieisabell.dk\/wp-content\/uploads\/2023\/06\/mie_090623_V6-1024x791.jpg\" class=\"attachment-large size-large wp-image-500\" alt=\"\" srcset=\"https:\/\/mieisabell.dk\/wp-content\/uploads\/2023\/06\/mie_090623_V6-1024x791.jpg 1024w, https:\/\/mieisabell.dk\/wp-content\/uploads\/2023\/06\/mie_090623_V6-300x232.jpg 300w, https:\/\/mieisabell.dk\/wp-content\/uploads\/2023\/06\/mie_090623_V6-768x593.jpg 768w, https:\/\/mieisabell.dk\/wp-content\/uploads\/2023\/06\/mie_090623_V6-1536x1186.jpg 1536w, https:\/\/mieisabell.dk\/wp-content\/uploads\/2023\/06\/mie_090623_V6.jpg 1809w\" sizes=\"(max-width: 800px) 100vw, 800px\" \/>\t\t\t\t\t\t\t\t\t\t\t\t\t\t\t<\/div>\n\t\t\t\t<\/div>\n\t\t\t\t<div class=\"elementor-element elementor-element-7020965d elementor-widget elementor-widget-heading\" data-id=\"7020965d\" data-element_type=\"widget\" data-e-type=\"widget\" data-widget_type=\"heading.default\">\n\t\t\t\t<div class=\"elementor-widget-container\">\n\t\t\t\t\t<h4 class=\"elementor-heading-title elementor-size-default\">Hvordan kan jeg hj\u00e6lpe dig?<\/h4>\t\t\t\t<\/div>\n\t\t\t\t<\/div>\n\t\t\t\t<div class=\"elementor-element elementor-element-66b1bc7b elementor-widget elementor-widget-text-editor\" data-id=\"66b1bc7b\" data-element_type=\"widget\" data-e-type=\"widget\" data-widget_type=\"text-editor.default\">\n\t\t\t\t<div class=\"elementor-widget-container\">\n\t\t\t\t\t\t\t\t\t<p>Jeg kan hj\u00e6lp med at finde vej til mere selvtillid og et bedre selvv\u00e6rd. Jeg hj\u00e6lper med at finde rundt i forhindringerne og hj\u00e6lper med at \u00e5bne nye porte til dit sunde jeg.<\/p><p><strong>\u00d8nsker du:<\/strong><br \/>At st\u00e5 st\u00e6rkere i dit liv<br \/>At stole p\u00e5 dit v\u00e6rd<br \/>At finde dine v\u00e6rdier og ressourcer <br \/>At kende dine styrker<\/p><p>Samtaleterapi hos mig har fokus p\u00e5 l\u00f8sning og det sunde. Du har allerede alle ressourcerne gemt i dig-jeg hj\u00e6lper dig med at finde dem og holde dig fast i dem.<\/p><p>Du kan gennem samtaleterapi hos mig f\u00e5 st\u00f8rre klarhed over dine f\u00f8lelser. Du kan forvente en seri\u00f8s, empatisk og k\u00e6rlig tilgang .<\/p><p>Kontakt mig for en uforpligtende og gratis introsamtale<\/p>\t\t\t\t\t\t\t\t<\/div>\n\t\t\t\t<\/div>\n\t\t\t\t<div class=\"elementor-element elementor-element-7f007bb2 elementor-widget elementor-widget-button\" data-id=\"7f007bb2\" data-element_type=\"widget\" data-e-type=\"widget\" data-widget_type=\"button.default\">\n\t\t\t\t<div class=\"elementor-widget-container\">\n\t\t\t\t\t\t\t\t\t<div class=\"elementor-button-wrapper\">\n\t\t\t\t\t<a class=\"elementor-button elementor-button-link elementor-size-sm\" href=\"https:\/\/mieisabell.dk\/index.php\/kontakt\/\">\n\t\t\t\t\t\t<span class=\"elementor-button-content-wrapper\">\n\t\t\t\t\t\t\t\t\t<span class=\"elementor-button-text\">Kontakt mig<\/span>\n\t\t\t\t\t<\/span>\n\t\t\t\t\t<\/a>\n\t\t\t\t<\/div>\n\t\t\t\t\t\t\t\t<\/div>\n\t\t\t\t<\/div>\n\t\t\t\t\t<\/div>\n\t\t<\/div>\n\t\t\t\t\t<\/div>\n\t\t<\/section>\n\t\t\t\t<\/div>\n\t\t","protected":false},"excerpt":{"rendered":"<p>Mie Isabell Selvv\u00e6rd og selvtillid M\u00e5ske kan du nikke genkendende til f\u00f8lgende:? \u2022 Er det vigtigt at andre t\u00e6nker godt om dig\u2022 F\u00f8ler du ikke at du er god nok\u2022 Kan det v\u00e6re sv\u00e6rt at sige fra overfor andre.\u2022 F\u00f8ler du ikke du er noget v\u00e6rd Hvad er selvv\u00e6rd og selvtillid egentligt? Alle taler om [&hellip;]<\/p>\n","protected":false},"author":1,"featured_media":0,"parent":0,"menu_order":0,"comment_status":"closed","ping_status":"closed","template":"","meta":{"footnotes":""},"class_list":["post-613","page","type-page","status-publish","hentry"],"_links":{"self":[{"href":"https:\/\/mieisabell.dk\/index.php\/wp-json\/wp\/v2\/pages\/613","targetHints":{"allow":["GET"]}}],"collection":[{"href":"https:\/\/mieisabell.dk\/index.php\/wp-json\/wp\/v2\/pages"}],"about":[{"href":"https:\/\/mieisabell.dk\/index.php\/wp-json\/wp\/v2\/types\/page"}],"author":[{"embeddable":true,"href":"https:\/\/mieisabell.dk\/index.php\/wp-json\/wp\/v2\/users\/1"}],"replies":[{"embeddable":true,"href":"https:\/\/mieisabell.dk\/index.php\/wp-json\/wp\/v2\/comments?post=613"}],"version-history":[{"count":16,"href":"https:\/\/mieisabell.dk\/index.php\/wp-json\/wp\/v2\/pages\/613\/revisions"}],"predecessor-version":[{"id":1180,"href":"https:\/\/mieisabell.dk\/index.php\/wp-json\/wp\/v2\/pages\/613\/revisions\/1180"}],"wp:attachment":[{"href":"https:\/\/mieisabell.dk\/index.php\/wp-json\/wp\/v2\/media?parent=613"}],"curies":[{"name":"wp","href":"https:\/\/api.w.org\/{rel}","templated":true}]}}