{"id":611,"date":"2023-06-17T09:25:17","date_gmt":"2023-06-17T09:25:17","guid":{"rendered":"http:\/\/mieisabell.dk\/?page_id=611"},"modified":"2023-12-08T19:37:18","modified_gmt":"2023-12-08T19:37:18","slug":"ensomhed","status":"publish","type":"page","link":"https:\/\/mieisabell.dk\/index.php\/ensomhed\/","title":{"rendered":"Ensomhed"},"content":{"rendered":"\t\t<div data-elementor-type=\"wp-page\" data-elementor-id=\"611\" class=\"elementor elementor-611\">\n\t\t\t\t\t\t<section class=\"elementor-section elementor-top-section elementor-element elementor-element-1c291183 elementor-section-height-min-height elementor-section-boxed elementor-section-height-default elementor-section-items-middle\" data-id=\"1c291183\" data-element_type=\"section\" data-e-type=\"section\" data-settings=\"{&quot;background_background&quot;:&quot;classic&quot;,&quot;shape_divider_bottom&quot;:&quot;opacity-tilt&quot;}\">\n\t\t\t\t\t\t\t<div class=\"elementor-background-overlay\"><\/div>\n\t\t\t\t\t\t<div class=\"elementor-shape elementor-shape-bottom\" aria-hidden=\"true\" data-negative=\"false\">\n\t\t\t<svg xmlns=\"http:\/\/www.w3.org\/2000\/svg\" viewBox=\"0 0 2600 131.1\" preserveAspectRatio=\"none\">\n\t<path class=\"elementor-shape-fill\" d=\"M0 0L2600 0 2600 69.1 0 0z\"\/>\n\t<path class=\"elementor-shape-fill\" style=\"opacity:0.5\" d=\"M0 0L2600 0 2600 69.1 0 69.1z\"\/>\n\t<path class=\"elementor-shape-fill\" style=\"opacity:0.25\" d=\"M2600 0L0 0 0 130.1 2600 69.1z\"\/>\n<\/svg>\t\t<\/div>\n\t\t\t\t\t<div class=\"elementor-container elementor-column-gap-default\">\n\t\t\t\t\t<div class=\"elementor-column elementor-col-100 elementor-top-column elementor-element elementor-element-39172bf3\" data-id=\"39172bf3\" data-element_type=\"column\" data-e-type=\"column\">\n\t\t\t<div class=\"elementor-widget-wrap elementor-element-populated\">\n\t\t\t\t\t\t<div class=\"elementor-element elementor-element-66beaec8 elementor-widget elementor-widget-heading\" data-id=\"66beaec8\" data-element_type=\"widget\" data-e-type=\"widget\" data-widget_type=\"heading.default\">\n\t\t\t\t<div class=\"elementor-widget-container\">\n\t\t\t\t\t<h2 class=\"elementor-heading-title elementor-size-default\">Mie Isabell<\/h2>\t\t\t\t<\/div>\n\t\t\t\t<\/div>\n\t\t\t\t<div class=\"elementor-element elementor-element-40ec6232 elementor-widget elementor-widget-heading\" data-id=\"40ec6232\" data-element_type=\"widget\" data-e-type=\"widget\" data-widget_type=\"heading.default\">\n\t\t\t\t<div class=\"elementor-widget-container\">\n\t\t\t\t\t<h2 class=\"elementor-heading-title elementor-size-default\">.....er du ensom i dine tanker og f\u00f8lelser?<\/h2>\t\t\t\t<\/div>\n\t\t\t\t<\/div>\n\t\t\t\t\t<\/div>\n\t\t<\/div>\n\t\t\t\t\t<\/div>\n\t\t<\/section>\n\t\t\t\t<section class=\"elementor-section elementor-top-section elementor-element elementor-element-d2a2a1b elementor-section-boxed elementor-section-height-default elementor-section-height-default\" data-id=\"d2a2a1b\" data-element_type=\"section\" data-e-type=\"section\">\n\t\t\t\t\t\t<div class=\"elementor-container elementor-column-gap-default\">\n\t\t\t\t\t<div class=\"elementor-column elementor-col-100 elementor-top-column elementor-element elementor-element-4c413c3\" data-id=\"4c413c3\" data-element_type=\"column\" data-e-type=\"column\">\n\t\t\t<div class=\"elementor-widget-wrap elementor-element-populated\">\n\t\t\t\t\t\t<div class=\"elementor-element elementor-element-0c39e24 elementor-widget elementor-widget-heading\" data-id=\"0c39e24\" data-element_type=\"widget\" data-e-type=\"widget\" data-widget_type=\"heading.default\">\n\t\t\t\t<div class=\"elementor-widget-container\">\n\t\t\t\t\t<h2 class=\"elementor-heading-title elementor-size-default\">Ensom i dine tanker og f\u00f8lelser?<\/h2>\t\t\t\t<\/div>\n\t\t\t\t<\/div>\n\t\t\t\t<div class=\"elementor-element elementor-element-e36f5f9 elementor-invisible elementor-widget elementor-widget-text-editor\" data-id=\"e36f5f9\" data-element_type=\"widget\" data-e-type=\"widget\" data-settings=\"{&quot;_animation&quot;:&quot;fadeInDown&quot;}\" data-widget_type=\"text-editor.default\">\n\t\t\t\t<div class=\"elementor-widget-container\">\n\t\t\t\t\t\t\t\t\t<ul><li>Kender du det, at se p\u00e5 andre og f\u00f8le de har det perfekte liv?<\/li><li>Kender du det, at have f\u00f8lelsen af, at der ikke er nogen der ser, h\u00f8rer eller forst\u00e5r dig?<\/li><li>Kender du f\u00f8lelsen af at v\u00e6re s\u00e5rbar og bange for at \u201dg\u00e5 i stykker\u201d?<\/li><li>Kan du genkende det, at pakke dine f\u00f8lelser v\u00e6k og tage en maske p\u00e5, rundt i livet?<\/li><\/ul>\t\t\t\t\t\t\t\t<\/div>\n\t\t\t\t<\/div>\n\t\t\t\t\t<\/div>\n\t\t<\/div>\n\t\t\t\t\t<\/div>\n\t\t<\/section>\n\t\t\t\t<section class=\"elementor-section elementor-top-section elementor-element elementor-element-43f958e elementor-section-boxed elementor-section-height-default elementor-section-height-default\" data-id=\"43f958e\" data-element_type=\"section\" data-e-type=\"section\" data-settings=\"{&quot;background_background&quot;:&quot;gradient&quot;,&quot;shape_divider_top&quot;:&quot;opacity-tilt&quot;,&quot;shape_divider_bottom&quot;:&quot;opacity-tilt&quot;}\">\n\t\t\t\t\t<div class=\"elementor-shape elementor-shape-top\" aria-hidden=\"true\" data-negative=\"false\">\n\t\t\t<svg xmlns=\"http:\/\/www.w3.org\/2000\/svg\" viewBox=\"0 0 2600 131.1\" preserveAspectRatio=\"none\">\n\t<path class=\"elementor-shape-fill\" d=\"M0 0L2600 0 2600 69.1 0 0z\"\/>\n\t<path class=\"elementor-shape-fill\" style=\"opacity:0.5\" d=\"M0 0L2600 0 2600 69.1 0 69.1z\"\/>\n\t<path class=\"elementor-shape-fill\" style=\"opacity:0.25\" d=\"M2600 0L0 0 0 130.1 2600 69.1z\"\/>\n<\/svg>\t\t<\/div>\n\t\t\t\t<div class=\"elementor-shape elementor-shape-bottom\" aria-hidden=\"true\" data-negative=\"false\">\n\t\t\t<svg xmlns=\"http:\/\/www.w3.org\/2000\/svg\" viewBox=\"0 0 2600 131.1\" preserveAspectRatio=\"none\">\n\t<path class=\"elementor-shape-fill\" d=\"M0 0L2600 0 2600 69.1 0 0z\"\/>\n\t<path class=\"elementor-shape-fill\" style=\"opacity:0.5\" d=\"M0 0L2600 0 2600 69.1 0 69.1z\"\/>\n\t<path class=\"elementor-shape-fill\" style=\"opacity:0.25\" d=\"M2600 0L0 0 0 130.1 2600 69.1z\"\/>\n<\/svg>\t\t<\/div>\n\t\t\t\t\t<div class=\"elementor-container elementor-column-gap-default\">\n\t\t\t\t\t<div class=\"elementor-column elementor-col-50 elementor-top-column elementor-element elementor-element-908bd53\" data-id=\"908bd53\" data-element_type=\"column\" data-e-type=\"column\">\n\t\t\t<div class=\"elementor-widget-wrap elementor-element-populated\">\n\t\t\t\t\t\t<div class=\"elementor-element elementor-element-62c5ed5 elementor-widget elementor-widget-heading\" data-id=\"62c5ed5\" data-element_type=\"widget\" data-e-type=\"widget\" data-widget_type=\"heading.default\">\n\t\t\t\t<div class=\"elementor-widget-container\">\n\t\t\t\t\t<h4 class=\"elementor-heading-title elementor-size-default\">At v\u00e6re alene er ikke det samme som at v\u00e6re ensom.<\/h4>\t\t\t\t<\/div>\n\t\t\t\t<\/div>\n\t\t\t\t<div class=\"elementor-element elementor-element-f0d1e09 elementor-widget elementor-widget-text-editor\" data-id=\"f0d1e09\" data-element_type=\"widget\" data-e-type=\"widget\" data-widget_type=\"text-editor.default\">\n\t\t\t\t<div class=\"elementor-widget-container\">\n\t\t\t\t\t\t\t\t\t<p>\u00a0At v\u00e6re ensom i dine tanker og f\u00f8lelser betyder i bund og grund, at man har tanker og f\u00f8lelser, man ikke kan dele med andre. Det kan v\u00e6re h\u00e5rdt at g\u00e5 med ensomhed og slet ikke n\u00f8dvendigt. Hos nogle er det ubehageligt og et tabu at tale om f\u00f8lelser og det kan v\u00e6re sv\u00e6rt, n\u00e5r og hvis, dem man spejler sig i til hverdag, (familie, venner, studiekammerater og arbejdsplads) ikke taler h\u00f8jt om f\u00f8lelser og \u201dforbudte\u201d tanker.\u00a0<\/p><p>Alt ser p\u00e5 overfladen perfekt ud hos andre og det kan g\u00f8re en endnu mere ensom. Rejsen p\u00e5 vej til mere lethed, gl\u00e6de og forst\u00e5else, kan du tage sammen med mig. Gevinsten ved at blive m\u00f8dt af en der forst\u00e5r dig og har redskaber til din selvudvikling er til at forst\u00e5; smukke forandringer kan ske i dit liv. <a href=\"https:\/\/mieisabell.dk\/index.php\/kontakt\/\">Kontakt mig her<\/a><\/p>\t\t\t\t\t\t\t\t<\/div>\n\t\t\t\t<\/div>\n\t\t\t\t\t<\/div>\n\t\t<\/div>\n\t\t\t\t<div class=\"elementor-column elementor-col-50 elementor-top-column elementor-element elementor-element-34a8188\" data-id=\"34a8188\" data-element_type=\"column\" data-e-type=\"column\">\n\t\t\t<div class=\"elementor-widget-wrap\">\n\t\t\t\t\t\t\t<\/div>\n\t\t<\/div>\n\t\t\t\t\t<\/div>\n\t\t<\/section>\n\t\t\t\t<section class=\"elementor-section elementor-top-section elementor-element elementor-element-1a0fcc4 elementor-section-boxed elementor-section-height-default elementor-section-height-default\" data-id=\"1a0fcc4\" data-element_type=\"section\" data-e-type=\"section\" data-settings=\"{&quot;background_background&quot;:&quot;gradient&quot;,&quot;shape_divider_top&quot;:&quot;opacity-tilt&quot;,&quot;shape_divider_bottom&quot;:&quot;opacity-tilt&quot;}\">\n\t\t\t\t\t<div class=\"elementor-shape elementor-shape-top\" aria-hidden=\"true\" data-negative=\"false\">\n\t\t\t<svg xmlns=\"http:\/\/www.w3.org\/2000\/svg\" viewBox=\"0 0 2600 131.1\" preserveAspectRatio=\"none\">\n\t<path class=\"elementor-shape-fill\" d=\"M0 0L2600 0 2600 69.1 0 0z\"\/>\n\t<path class=\"elementor-shape-fill\" style=\"opacity:0.5\" d=\"M0 0L2600 0 2600 69.1 0 69.1z\"\/>\n\t<path class=\"elementor-shape-fill\" style=\"opacity:0.25\" d=\"M2600 0L0 0 0 130.1 2600 69.1z\"\/>\n<\/svg>\t\t<\/div>\n\t\t\t\t<div class=\"elementor-shape elementor-shape-bottom\" aria-hidden=\"true\" data-negative=\"false\">\n\t\t\t<svg xmlns=\"http:\/\/www.w3.org\/2000\/svg\" viewBox=\"0 0 2600 131.1\" preserveAspectRatio=\"none\">\n\t<path class=\"elementor-shape-fill\" d=\"M0 0L2600 0 2600 69.1 0 0z\"\/>\n\t<path class=\"elementor-shape-fill\" style=\"opacity:0.5\" d=\"M0 0L2600 0 2600 69.1 0 69.1z\"\/>\n\t<path class=\"elementor-shape-fill\" style=\"opacity:0.25\" d=\"M2600 0L0 0 0 130.1 2600 69.1z\"\/>\n<\/svg>\t\t<\/div>\n\t\t\t\t\t<div class=\"elementor-container elementor-column-gap-default\">\n\t\t\t\t\t<div class=\"elementor-column elementor-col-50 elementor-top-column elementor-element elementor-element-4a2f578\" data-id=\"4a2f578\" data-element_type=\"column\" data-e-type=\"column\">\n\t\t\t<div class=\"elementor-widget-wrap elementor-element-populated\">\n\t\t\t\t\t\t<div class=\"elementor-element elementor-element-cfed493 elementor-widget elementor-widget-heading\" data-id=\"cfed493\" data-element_type=\"widget\" data-e-type=\"widget\" data-widget_type=\"heading.default\">\n\t\t\t\t<div class=\"elementor-widget-container\">\n\t\t\t\t\t<h4 class=\"elementor-heading-title elementor-size-default\">Der er en grund til at vi f\u00f8ler os ensomme. <\/h4>\t\t\t\t<\/div>\n\t\t\t\t<\/div>\n\t\t\t\t<div class=\"elementor-element elementor-element-349f456 elementor-widget elementor-widget-text-editor\" data-id=\"349f456\" data-element_type=\"widget\" data-e-type=\"widget\" data-widget_type=\"text-editor.default\">\n\t\t\t\t<div class=\"elementor-widget-container\">\n\t\t\t\t\t\t\t\t\t<p>Vi er som mennesker bange for at blive udst\u00f8dt og fravalgt. Det er rent biologisk nedarvet i vores DNA. Lige fra vi var helt sm\u00e5 har vi skulle overleve med hj\u00e6lp fra andre. S\u00e5dan er mennesket. Det instinkt slukkes ikke bare fordi vi bliver \u00e6ldre. Vi tilpasser os. S\u00e5 n\u00e5r vi danner et billedet af hvad vi mener er \u201dnormalt\u201d, g\u00f8r vi meget for at passe ind. Det kan v\u00e6re i udseende, uddannelse, adf\u00e6rd, og andre p\u00e5viselige ting i livet. Hvad vi ikke er s\u00e5 gode til at tale om er hvordan DU ( en pegefinger)egentlig har det. Vil du l\u00e6se mere om tilknytning kan du klikke her\u2026<br \/>Forskning viser at unge med mistrivsel kan have store konsekvenser for livskvaliteten. Du kan l\u00e6se mere om unders\u00f8gelsen her:\u00a0<a href=\"#\" target=\"_blank\" rel=\"noopener\">LINK<\/a><br \/>At tage h\u00e5nd om sin trivsel er for lyskrigerne. Med mod og selvk\u00e6rlighed kan din rejse starte lige her.<br \/><b>Du skal vide at:<\/b><br \/><i class=\"fas fa-heart\" style=\"color: #e5101b;\" aria-hidden=\"true\"><\/i> Du er ikke i stykker.<br \/><i class=\"fas fa-heart\" style=\"color: #e5101b;\" aria-hidden=\"true\"><\/i> Sandhedsv\u00e6rdien af det oplever og de f\u00f8lelser du har, kan aldrig diskuteres.<br \/><i class=\"fas fa-heart\" style=\"color: #e5101b;\" aria-hidden=\"true\"><\/i> Du ikke ER dine f\u00f8lelser, men HAR f\u00f8lelser.<\/p>\t\t\t\t\t\t\t\t<\/div>\n\t\t\t\t<\/div>\n\t\t\t\t\t<\/div>\n\t\t<\/div>\n\t\t\t\t<div class=\"elementor-column elementor-col-50 elementor-top-column elementor-element elementor-element-479a2aa\" data-id=\"479a2aa\" data-element_type=\"column\" data-e-type=\"column\">\n\t\t\t<div class=\"elementor-widget-wrap\">\n\t\t\t\t\t\t\t<\/div>\n\t\t<\/div>\n\t\t\t\t\t<\/div>\n\t\t<\/section>\n\t\t\t\t<section class=\"elementor-section elementor-top-section elementor-element elementor-element-7c8273b elementor-section-boxed elementor-section-height-default elementor-section-height-default\" data-id=\"7c8273b\" data-element_type=\"section\" data-e-type=\"section\">\n\t\t\t\t\t\t<div class=\"elementor-container elementor-column-gap-default\">\n\t\t\t\t\t<div class=\"elementor-column elementor-col-50 elementor-top-column elementor-element elementor-element-f7a7184\" data-id=\"f7a7184\" data-element_type=\"column\" data-e-type=\"column\">\n\t\t\t<div class=\"elementor-widget-wrap\">\n\t\t\t\t\t\t\t<\/div>\n\t\t<\/div>\n\t\t\t\t<div class=\"elementor-column elementor-col-50 elementor-top-column elementor-element elementor-element-ef25531\" data-id=\"ef25531\" data-element_type=\"column\" data-e-type=\"column\" data-settings=\"{&quot;background_background&quot;:&quot;classic&quot;}\">\n\t\t\t<div class=\"elementor-widget-wrap elementor-element-populated\">\n\t\t\t\t\t\t<div class=\"elementor-element elementor-element-4454660 elementor-widget elementor-widget-image\" data-id=\"4454660\" data-element_type=\"widget\" data-e-type=\"widget\" data-widget_type=\"image.default\">\n\t\t\t\t<div class=\"elementor-widget-container\">\n\t\t\t\t\t\t\t\t\t\t\t\t\t\t\t<img fetchpriority=\"high\" decoding=\"async\" width=\"800\" height=\"925\" src=\"https:\/\/mieisabell.dk\/wp-content\/uploads\/2023\/08\/mie_skovfoto_070723_V3-886x1024.jpg\" class=\"attachment-large size-large wp-image-1079\" alt=\"\" srcset=\"https:\/\/mieisabell.dk\/wp-content\/uploads\/2023\/08\/mie_skovfoto_070723_V3-886x1024.jpg 886w, https:\/\/mieisabell.dk\/wp-content\/uploads\/2023\/08\/mie_skovfoto_070723_V3-260x300.jpg 260w, https:\/\/mieisabell.dk\/wp-content\/uploads\/2023\/08\/mie_skovfoto_070723_V3-768x888.jpg 768w, https:\/\/mieisabell.dk\/wp-content\/uploads\/2023\/08\/mie_skovfoto_070723_V3.jpg 1200w\" sizes=\"(max-width: 800px) 100vw, 800px\" \/>\t\t\t\t\t\t\t\t\t\t\t\t\t\t\t<\/div>\n\t\t\t\t<\/div>\n\t\t\t\t<div class=\"elementor-element elementor-element-0fe19b2 elementor-widget elementor-widget-heading\" data-id=\"0fe19b2\" data-element_type=\"widget\" data-e-type=\"widget\" data-widget_type=\"heading.default\">\n\t\t\t\t<div class=\"elementor-widget-container\">\n\t\t\t\t\t<h4 class=\"elementor-heading-title elementor-size-default\">Hvordan kan jeg hj\u00e6lpe dig?<\/h4>\t\t\t\t<\/div>\n\t\t\t\t<\/div>\n\t\t\t\t<div class=\"elementor-element elementor-element-5e129a8 elementor-widget elementor-widget-text-editor\" data-id=\"5e129a8\" data-element_type=\"widget\" data-e-type=\"widget\" data-widget_type=\"text-editor.default\">\n\t\t\t\t<div class=\"elementor-widget-container\">\n\t\t\t\t\t\t\t\t\t<p>Du kan gennem samtaleterapi hos mig f\u00e5 st\u00f8rre klarhed over dine f\u00f8lelser. Du kan forvente en seri\u00f8s, empatisk og k\u00e6rlig tilgang .<\/p><p>Samtaleterapi hos mig kan v\u00e6re f\u00e5, konkrete samtaler \u2013 nogle gange med sm\u00e5 \u00f8velser.<\/p><p>Samtaleterapi hos mig har fokus p\u00e5 l\u00f8sning og det sunde. Du har allerede alle ressourcerne gemt i dig-jeg hj\u00e6lper dig med at finde dem og holde dig fast i dem.<\/p><p>Terapi hos mig, kan give dig indsigt, v\u00e6rkt\u00f8jer og v\u00e6re en k\u00e6mpe hj\u00e6lp til at kunne leve mere harmonisk og i fred.<\/p><p>\u00d8nsker du at opn\u00e5 mere gl\u00e6de, en bedre livskvalitet &#8211; og at kunne udvikle dig til en sundere version af dig? s\u00e5 kontakt mig for en uforpligtende og gratis introsamtale, eller <a href=\"https:\/\/mieisabell.dk\/index.php\/kontakt\/\">book din tid her.<\/a><\/p>\t\t\t\t\t\t\t\t<\/div>\n\t\t\t\t<\/div>\n\t\t\t\t\t<\/div>\n\t\t<\/div>\n\t\t\t\t\t<\/div>\n\t\t<\/section>\n\t\t\t\t<\/div>\n\t\t","protected":false},"excerpt":{"rendered":"<p>Mie Isabell &#8230;..er du ensom i dine tanker og f\u00f8lelser? Ensom i dine tanker og f\u00f8lelser? Kender du det, at se p\u00e5 andre og f\u00f8le de har det perfekte liv? Kender du det, at have f\u00f8lelsen af, at der ikke er nogen der ser, h\u00f8rer eller forst\u00e5r dig? Kender du f\u00f8lelsen af at v\u00e6re s\u00e5rbar [&hellip;]<\/p>\n","protected":false},"author":1,"featured_media":0,"parent":0,"menu_order":0,"comment_status":"closed","ping_status":"closed","template":"","meta":{"footnotes":""},"class_list":["post-611","page","type-page","status-publish","hentry"],"_links":{"self":[{"href":"https:\/\/mieisabell.dk\/index.php\/wp-json\/wp\/v2\/pages\/611","targetHints":{"allow":["GET"]}}],"collection":[{"href":"https:\/\/mieisabell.dk\/index.php\/wp-json\/wp\/v2\/pages"}],"about":[{"href":"https:\/\/mieisabell.dk\/index.php\/wp-json\/wp\/v2\/types\/page"}],"author":[{"embeddable":true,"href":"https:\/\/mieisabell.dk\/index.php\/wp-json\/wp\/v2\/users\/1"}],"replies":[{"embeddable":true,"href":"https:\/\/mieisabell.dk\/index.php\/wp-json\/wp\/v2\/comments?post=611"}],"version-history":[{"count":157,"href":"https:\/\/mieisabell.dk\/index.php\/wp-json\/wp\/v2\/pages\/611\/revisions"}],"predecessor-version":[{"id":1177,"href":"https:\/\/mieisabell.dk\/index.php\/wp-json\/wp\/v2\/pages\/611\/revisions\/1177"}],"wp:attachment":[{"href":"https:\/\/mieisabell.dk\/index.php\/wp-json\/wp\/v2\/media?parent=611"}],"curies":[{"name":"wp","href":"https:\/\/api.w.org\/{rel}","templated":true}]}}