{"id":1633,"date":"2025-03-21T08:11:17","date_gmt":"2025-03-21T08:11:17","guid":{"rendered":"https:\/\/mieisabell.dk\/?page_id=1633"},"modified":"2025-03-21T08:12:59","modified_gmt":"2025-03-21T08:12:59","slug":"booking-og-handelsbetingelser","status":"publish","type":"page","link":"https:\/\/mieisabell.dk\/index.php\/booking-og-handelsbetingelser\/","title":{"rendered":"Booking og Handelsbetingelser"},"content":{"rendered":"\t\t<div data-elementor-type=\"wp-page\" data-elementor-id=\"1633\" class=\"elementor elementor-1633\">\n\t\t\t\t\t\t<section class=\"elementor-section elementor-top-section elementor-element elementor-element-7575290 elementor-section-boxed elementor-section-height-default elementor-section-height-default\" data-id=\"7575290\" data-element_type=\"section\" data-e-type=\"section\">\n\t\t\t\t\t\t<div class=\"elementor-container elementor-column-gap-default\">\n\t\t\t\t\t<div class=\"elementor-column elementor-col-100 elementor-top-column elementor-element elementor-element-81ab777\" data-id=\"81ab777\" data-element_type=\"column\" data-e-type=\"column\">\n\t\t\t<div class=\"elementor-widget-wrap elementor-element-populated\">\n\t\t\t\t\t\t<div class=\"elementor-element elementor-element-435a114 elementor-widget elementor-widget-text-editor\" data-id=\"435a114\" data-element_type=\"widget\" data-e-type=\"widget\" data-widget_type=\"text-editor.default\">\n\t\t\t\t<div class=\"elementor-widget-container\">\n\t\t\t\t\t\t\t\t\t<h3><b>Handelsbetingelser for Konsulent Mie Isabell og k\u00f8b p\u00e5 <\/b><a href=\"http:\/\/www.mieisabell.dk\/\"><b>www.mieisabell.dk<\/b><\/a><\/h3><p><b>1. Generelle oplysninger<\/b><\/p><ul style=\"margin-top: 0cm;\" type=\"disc\"><li><b>Virksomhedsnavn:<\/b><br \/>Konsulent v\/ Mie Isabell<\/li><li><b>CVR-nummer:<\/b><br \/>32926312<\/li><li><b>Adresse:<\/b><br \/>Hesten bakke 5 1 tv &#8211; 3000 Helsing\u00f8r<\/li><li><b><span lang=\"EN-US\">E-mail:<\/span><\/b> <a href=\"mailto:kontakt@mieisabell.dk\"><span lang=\"EN-US\">kontakt@mieisabell.dk<\/span><\/a><br \/><br \/><\/li><\/ul><p><b>2. Produkter og ydelser<\/b><\/p><ul style=\"margin-top: 0cm;\" type=\"disc\"><li><b>Terapisessioner:<\/b><br \/>Mie Isabells prim\u00e6re ydelse er samtaleterapi, som tilbydes i individuelle<br \/>sessioner, parsessioner eller gruppesessioner.<\/li><li><b>Samtalekort:<\/b><br \/>Mie Isabells sekund\u00e6re produkt er &#8220;samtalekort,&#8221; der s\u00e6lges som<br \/>fysiske kort. Kortene er designet til at skabe dialog mellem forskellige<br \/>etniciteter.<\/li><\/ul><p><b>3. Priser<\/b><\/p><ul style=\"margin-top: 0cm;\" type=\"disc\"><li><b>Priser<br \/>p\u00e5 terapisessioner:<\/b> Priserne p\u00e5 sessioner er angivet p\u00e5 hjemmesiden og<br \/>kan variere afh\u00e6ngigt af sessionstype og varighed.<\/li><li><b>Priser<br \/>p\u00e5 samtalekort:<\/b> Prisen for samtalekortene er angivet p\u00e5 hjemmesiden og<br \/>inkluderer alle afgifter. Prisen er eksklusiv leveringsomkostninger,<br \/>medmindre andet er angivet.<\/li><li><b>Moms:<\/b><br \/>Alle priser er inklusiv moms, medmindre andet er angivet.<br \/><br \/><\/li><\/ul><p><b>4. Betaling<\/b><\/p><ul style=\"margin-top: 0cm;\" type=\"disc\"><li><b>Betalingsmetoder:<\/b><br \/>Betaling kan ske via kreditkort, MobilePay eller bankoverf\u00f8rsel.<\/li><li><b>Betaling<br \/>for terapisessioner:<\/b> Betaling for sessioner skal ske forud eller<br \/>umiddelbart efter sessionens afslutning, afh\u00e6ngigt af den aftalte<br \/>betalingsmetode.<\/li><li><b>Betaling<br \/>for samtalekort:<\/b> Betaling skal ske ved bestilling af samtalekortene.<br \/>Bestillingen afsendes f\u00f8rst, n\u00e5r betalingen er modtaget.<br \/><br \/><\/li><\/ul><p><b>5. Levering<\/b><\/p><ul style=\"margin-top: 0cm;\" type=\"disc\"><li><b>Leveringstid:<\/b><br \/>For samtalekortene er den forventede leveringstid 3-5 hverdage, afh\u00e6ngig<br \/>af leveringsadressen.<\/li><li><b>Forsendelsesomkostninger:<\/b><br \/>Forsendelsesomkostninger vil blive oplyst ved checkout og afh\u00e6nger af<br \/>leveringsmetode og destination.<\/li><li><b>Ansvar:<\/b><br \/>Mie Isabells ansvar for produkterne oph\u00f8rer, n\u00e5r produkterne er overgivet<br \/>til fragtfirmaet. Kunden b\u00e6rer risikoen for produkterne fra<br \/>leveringstidspunktet.<br \/><br \/><\/li><\/ul><p><b>6. Fortrydelsesret<\/b><\/p><ul style=\"margin-top: 0cm;\" type=\"disc\"><li><b>Terapisessioner:<\/b><br \/>Der er ingen fortrydelsesret p\u00e5 terapisessioner, der er gennemf\u00f8rt.<\/li><li><b>Samtalekort:<\/b><br \/>Der er 14 dages fortrydelsesret p\u00e5 k\u00f8b af samtalekort, g\u00e6ldende fra den<br \/>dag, kunden modtager produktet. For at benytte fortrydelsesretten skal<br \/>produktet returneres i original emballage og i ubrugt stand.<\/li><li><b>Returnering:<\/b><br \/>Ved fortrydelse af k\u00f8b af samtalekort, skal kunden selv betale for<br \/>returneringsomkostningerne.<\/li><\/ul><p><b>7. Reklamationsret<\/b><\/p><ul style=\"margin-top: 0cm;\" type=\"disc\"><li><b>Reklamation:<\/b><br \/>Kunden har 2 \u00e5rs reklamationsret i henhold til k\u00f8beloven.<br \/>Reklamationsretten g\u00e6lder for fejl i materiale og fabrikation.<\/li><li><b>Indsendelse<br \/>af reklamation:<\/b> Kunden skal reklamere inden for rimelig tid efter, at<br \/>fejlen er opdaget. Reklamation kan ske ved at kontakte Mie Isabell via<br \/>e-mail.<br \/><br \/><\/li><\/ul><p><b>8. Aflysning og \u00e6ndring af terapisessioner<\/b><\/p><ul style=\"margin-top: 0cm;\" type=\"disc\"><li><b>Aflysning:<\/b><br \/>Aflysning af en terapisession skal ske mindst 24 timer f\u00f8r den aftalte<br \/>tid. Ved senere aflysning forbeholder Mie Isabell sig retten til at<br \/>opkr\u00e6ve fuld betaling for sessionen.<\/li><li><b>\u00c6ndring:<\/b><br \/>\u00c6ndring af tidspunkt for en terapisession kan ske uden omkostninger, hvis<br \/>det meddeles Mie Isabell mindst 24 timer f\u00f8r den oprindelige aftale.<br \/><br \/><\/li><\/ul><p><b>9. Persondata<\/b><\/p><ul style=\"margin-top: 0cm;\" type=\"disc\"><li><b>Indsamling<br \/>af data:<\/b> Mie Isabell indsamler kun persondata, der er n\u00f8dvendige for<br \/>at gennemf\u00f8re sessioner og salg af samtalekort.<\/li><li><b>Opbevaring<br \/>og sikkerhed:<\/b> Persondata opbevares sikkert og deles ikke med<br \/>tredjepart uden kundens samtykke, medmindre loven kr\u00e6ver det.<br \/><br \/><\/li><\/ul><p><b>10. Ansvarsbegr\u00e6nsning<\/b><\/p><ul style=\"margin-top: 0cm;\" type=\"disc\"><li><b>R\u00e5dgivning:<\/b><br \/>Mie Isabell er ikke ansvarlig for eventuelle skader, som kunden m\u00e5tte<br \/>p\u00e5drage sig som f\u00f8lge af r\u00e5dgivningen i terapisessionerne. Kunden har det<br \/>fulde ansvar for anvendelsen af den givne r\u00e5dgivning.<\/li><li><b>Produktansvar:<\/b><br \/>Mie Isabell er ikke ansvarlig for indirekte tab, f\u00f8lgeskader eller skader<br \/>for\u00e5rsaget af ukorrekt brug af samtalekortene.<br \/><br \/><\/li><\/ul><p><b>11. Lovvalg og v\u00e6rneting<\/b><\/p><ul style=\"margin-top: 0cm;\" type=\"disc\"><li><b>G\u00e6ldende<br \/>lov:<\/b> Handelsbetingelserne er underlagt dansk ret.<\/li><li><b>V\u00e6rneting:<\/b><br \/>Eventuelle tvister afg\u00f8res ved de danske domstole.<br \/><br \/><\/li><\/ul><p><b>12. Kontaktinformation ved sp\u00f8rgsm\u00e5l<\/b><\/p><p>\u00a0<\/p><ul style=\"margin-top: 0cm;\" type=\"disc\"><li><b>Support:<\/b><br \/>Har du sp\u00f8rgsm\u00e5l til handelsbetingelserne, kan du kontakte Mie Isabell via<br \/>de angivne kontaktoplysninger.<\/li><\/ul>\t\t\t\t\t\t\t\t<\/div>\n\t\t\t\t<\/div>\n\t\t\t\t\t<\/div>\n\t\t<\/div>\n\t\t\t\t\t<\/div>\n\t\t<\/section>\n\t\t\t\t<\/div>\n\t\t","protected":false},"excerpt":{"rendered":"<p>Handelsbetingelser for Konsulent Mie Isabell og k\u00f8b p\u00e5 www.mieisabell.dk 1. Generelle oplysninger Virksomhedsnavn:Konsulent v\/ Mie Isabell CVR-nummer:32926312 Adresse:Hesten bakke 5 1 tv &#8211; 3000 Helsing\u00f8r E-mail: kontakt@mieisabell.dk 2. Produkter og ydelser Terapisessioner:Mie Isabells prim\u00e6re ydelse er samtaleterapi, som tilbydes i individuellesessioner, parsessioner eller gruppesessioner. Samtalekort:Mie Isabells sekund\u00e6re produkt er &#8220;samtalekort,&#8221; der s\u00e6lges somfysiske kort. Kortene [&hellip;]<\/p>\n","protected":false},"author":1,"featured_media":0,"parent":0,"menu_order":0,"comment_status":"closed","ping_status":"closed","template":"","meta":{"footnotes":""},"class_list":["post-1633","page","type-page","status-publish","hentry"],"_links":{"self":[{"href":"https:\/\/mieisabell.dk\/index.php\/wp-json\/wp\/v2\/pages\/1633","targetHints":{"allow":["GET"]}}],"collection":[{"href":"https:\/\/mieisabell.dk\/index.php\/wp-json\/wp\/v2\/pages"}],"about":[{"href":"https:\/\/mieisabell.dk\/index.php\/wp-json\/wp\/v2\/types\/page"}],"author":[{"embeddable":true,"href":"https:\/\/mieisabell.dk\/index.php\/wp-json\/wp\/v2\/users\/1"}],"replies":[{"embeddable":true,"href":"https:\/\/mieisabell.dk\/index.php\/wp-json\/wp\/v2\/comments?post=1633"}],"version-history":[{"count":10,"href":"https:\/\/mieisabell.dk\/index.php\/wp-json\/wp\/v2\/pages\/1633\/revisions"}],"predecessor-version":[{"id":1643,"href":"https:\/\/mieisabell.dk\/index.php\/wp-json\/wp\/v2\/pages\/1633\/revisions\/1643"}],"wp:attachment":[{"href":"https:\/\/mieisabell.dk\/index.php\/wp-json\/wp\/v2\/media?parent=1633"}],"curies":[{"name":"wp","href":"https:\/\/api.w.org\/{rel}","templated":true}]}}