{"id":1429,"date":"2024-09-04T06:17:16","date_gmt":"2024-09-04T06:17:16","guid":{"rendered":"https:\/\/mieisabell.dk\/?page_id=1429"},"modified":"2024-09-11T17:34:58","modified_gmt":"2024-09-11T17:34:58","slug":"kvittering-for-koeb-af-4-timers-interkulturel-kommunikation-workshop-og-2-saet-samtalevenne-kort","status":"publish","type":"page","link":"https:\/\/mieisabell.dk\/index.php\/kvittering-for-koeb-af-4-timers-interkulturel-kommunikation-workshop-og-2-saet-samtalevenne-kort\/","title":{"rendered":"Kvittering for k\u00f8b af 4 timers interkulturel kommunikation workshop og 2 s\u00e6t samtalevenne-kort"},"content":{"rendered":"\t\t<div data-elementor-type=\"wp-page\" data-elementor-id=\"1429\" class=\"elementor elementor-1429\">\n\t\t\t\t\t\t<section class=\"elementor-section elementor-top-section elementor-element elementor-element-084366d elementor-section-boxed elementor-section-height-default elementor-section-height-default\" data-id=\"084366d\" data-element_type=\"section\" data-e-type=\"section\">\n\t\t\t\t\t\t<div class=\"elementor-container elementor-column-gap-default\">\n\t\t\t\t\t<div class=\"elementor-column elementor-col-100 elementor-top-column elementor-element elementor-element-b70c9ac\" data-id=\"b70c9ac\" data-element_type=\"column\" data-e-type=\"column\">\n\t\t\t<div class=\"elementor-widget-wrap elementor-element-populated\">\n\t\t\t\t\t\t<div class=\"elementor-element elementor-element-fcafc47 elementor-widget elementor-widget-text-editor\" data-id=\"fcafc47\" data-element_type=\"widget\" data-e-type=\"widget\" data-widget_type=\"text-editor.default\">\n\t\t\t\t<div class=\"elementor-widget-container\">\n\t\t\t\t\t\t\t\t\t<p><span style=\"font-size: 1rem;\">Tak for dit k\u00f8b af 4 timers interkulturel kommunikation workshop + 2 s\u00e6t samtalevenne-kort hos Mie Isabell.<\/span><\/p><p>Din bestilling er nu modtaget og vil blive h\u00e5ndteret hurtigst muligt. Du vil ogs\u00e5 modtage denne bekr\u00e6ftelse p\u00e5 mail.<\/p><p>Jeg vil kontakte dig hurtigst muligt, s\u00e5 vi sammen kan planl\u00e6gge det videre forl\u00f8b.<\/p><p>\u00a0<\/p><p>Med venlig hilsen<br \/><em>Mie Isabell<\/em><\/p>\t\t\t\t\t\t\t\t<\/div>\n\t\t\t\t<\/div>\n\t\t\t\t\t<\/div>\n\t\t<\/div>\n\t\t\t\t\t<\/div>\n\t\t<\/section>\n\t\t\t\t<\/div>\n\t\t","protected":false},"excerpt":{"rendered":"<p>Tak for dit k\u00f8b af 4 timers interkulturel kommunikation workshop + 2 s\u00e6t samtalevenne-kort hos Mie Isabell. Din bestilling er nu modtaget og vil blive h\u00e5ndteret hurtigst muligt. Du vil ogs\u00e5 modtage denne bekr\u00e6ftelse p\u00e5 mail. Jeg vil kontakte dig hurtigst muligt, s\u00e5 vi sammen kan planl\u00e6gge det videre forl\u00f8b. \u00a0 Med venlig hilsenMie Isabell<\/p>\n","protected":false},"author":1,"featured_media":0,"parent":0,"menu_order":0,"comment_status":"closed","ping_status":"closed","template":"","meta":{"footnotes":""},"class_list":["post-1429","page","type-page","status-publish","hentry"],"_links":{"self":[{"href":"https:\/\/mieisabell.dk\/index.php\/wp-json\/wp\/v2\/pages\/1429","targetHints":{"allow":["GET"]}}],"collection":[{"href":"https:\/\/mieisabell.dk\/index.php\/wp-json\/wp\/v2\/pages"}],"about":[{"href":"https:\/\/mieisabell.dk\/index.php\/wp-json\/wp\/v2\/types\/page"}],"author":[{"embeddable":true,"href":"https:\/\/mieisabell.dk\/index.php\/wp-json\/wp\/v2\/users\/1"}],"replies":[{"embeddable":true,"href":"https:\/\/mieisabell.dk\/index.php\/wp-json\/wp\/v2\/comments?post=1429"}],"version-history":[{"count":10,"href":"https:\/\/mieisabell.dk\/index.php\/wp-json\/wp\/v2\/pages\/1429\/revisions"}],"predecessor-version":[{"id":1554,"href":"https:\/\/mieisabell.dk\/index.php\/wp-json\/wp\/v2\/pages\/1429\/revisions\/1554"}],"wp:attachment":[{"href":"https:\/\/mieisabell.dk\/index.php\/wp-json\/wp\/v2\/media?parent=1429"}],"curies":[{"name":"wp","href":"https:\/\/api.w.org\/{rel}","templated":true}]}}