{"id":1399,"date":"2024-09-02T12:40:35","date_gmt":"2024-09-02T12:40:35","guid":{"rendered":"https:\/\/mieisabell.dk\/?page_id=1399"},"modified":"2024-09-04T05:43:32","modified_gmt":"2024-09-04T05:43:32","slug":"kvittering-for-koeb","status":"publish","type":"page","link":"https:\/\/mieisabell.dk\/index.php\/interkulturel-kommunikation\/kvittering-for-koeb\/","title":{"rendered":"Kvittering for k\u00f8b"},"content":{"rendered":"\t\t<div data-elementor-type=\"wp-page\" data-elementor-id=\"1399\" class=\"elementor elementor-1399\">\n\t\t\t\t\t\t<section class=\"elementor-section elementor-top-section elementor-element elementor-element-68eeb8e elementor-section-boxed elementor-section-height-default elementor-section-height-default\" data-id=\"68eeb8e\" data-element_type=\"section\" data-e-type=\"section\">\n\t\t\t\t\t\t<div class=\"elementor-container elementor-column-gap-default\">\n\t\t\t\t\t<div class=\"elementor-column elementor-col-100 elementor-top-column elementor-element elementor-element-e316c32\" data-id=\"e316c32\" data-element_type=\"column\" data-e-type=\"column\">\n\t\t\t<div class=\"elementor-widget-wrap elementor-element-populated\">\n\t\t\t\t\t\t<div class=\"elementor-element elementor-element-2228ee6 elementor-widget elementor-widget-text-editor\" data-id=\"2228ee6\" data-element_type=\"widget\" data-e-type=\"widget\" data-widget_type=\"text-editor.default\">\n\t\t\t\t<div class=\"elementor-widget-container\">\n\t\t\t\t\t\t\t\t\t<p><strong style=\"font-size: 1rem;\">K\u00e6re {{ user.first_name }}<\/strong><\/p><p>Tak for dit k\u00f8b af Samtalevenne-kort hos Mie Isabell.<br \/>Din bestilling er nu modtaget og vil blive h\u00e5ndteret hurtigst muligt. Du vil ogs\u00e5 modtage denne bekr\u00e6ftelse p\u00e5 mail.<\/p><p>N\u00e5r jeg har klargjort din bestilling og afsendt den til dig, vil du modtage en e-mail med informationer.<\/p><p>Med venlig hilsen<br \/><em>Mie Isabell<\/em><\/p>\t\t\t\t\t\t\t\t<\/div>\n\t\t\t\t<\/div>\n\t\t\t\t\t<\/div>\n\t\t<\/div>\n\t\t\t\t\t<\/div>\n\t\t<\/section>\n\t\t\t\t<\/div>\n\t\t","protected":false},"excerpt":{"rendered":"<p>K\u00e6re {{ user.first_name }} Tak for dit k\u00f8b af Samtalevenne-kort hos Mie Isabell.Din bestilling er nu modtaget og vil blive h\u00e5ndteret hurtigst muligt. Du vil ogs\u00e5 modtage denne bekr\u00e6ftelse p\u00e5 mail. N\u00e5r jeg har klargjort din bestilling og afsendt den til dig, vil du modtage en e-mail med informationer. Med venlig hilsenMie Isabell<\/p>\n","protected":false},"author":1,"featured_media":0,"parent":1308,"menu_order":0,"comment_status":"closed","ping_status":"closed","template":"","meta":{"footnotes":""},"class_list":["post-1399","page","type-page","status-publish","hentry"],"_links":{"self":[{"href":"https:\/\/mieisabell.dk\/index.php\/wp-json\/wp\/v2\/pages\/1399","targetHints":{"allow":["GET"]}}],"collection":[{"href":"https:\/\/mieisabell.dk\/index.php\/wp-json\/wp\/v2\/pages"}],"about":[{"href":"https:\/\/mieisabell.dk\/index.php\/wp-json\/wp\/v2\/types\/page"}],"author":[{"embeddable":true,"href":"https:\/\/mieisabell.dk\/index.php\/wp-json\/wp\/v2\/users\/1"}],"replies":[{"embeddable":true,"href":"https:\/\/mieisabell.dk\/index.php\/wp-json\/wp\/v2\/comments?post=1399"}],"version-history":[{"count":12,"href":"https:\/\/mieisabell.dk\/index.php\/wp-json\/wp\/v2\/pages\/1399\/revisions"}],"predecessor-version":[{"id":1412,"href":"https:\/\/mieisabell.dk\/index.php\/wp-json\/wp\/v2\/pages\/1399\/revisions\/1412"}],"up":[{"embeddable":true,"href":"https:\/\/mieisabell.dk\/index.php\/wp-json\/wp\/v2\/pages\/1308"}],"wp:attachment":[{"href":"https:\/\/mieisabell.dk\/index.php\/wp-json\/wp\/v2\/media?parent=1399"}],"curies":[{"name":"wp","href":"https:\/\/api.w.org\/{rel}","templated":true}]}}