{"id":1073,"date":"2023-08-10T15:03:28","date_gmt":"2023-08-10T15:03:28","guid":{"rendered":"https:\/\/mieisabell.dk\/?page_id=1073"},"modified":"2023-12-12T11:51:34","modified_gmt":"2023-12-12T11:51:34","slug":"boost-dit-velvaere","status":"publish","type":"page","link":"https:\/\/mieisabell.dk\/index.php\/boost-dit-velvaere\/","title":{"rendered":"Boost dit velv\u00e6re"},"content":{"rendered":"\t\t<div data-elementor-type=\"wp-page\" data-elementor-id=\"1073\" class=\"elementor elementor-1073\">\n\t\t\t\t\t\t<section class=\"elementor-section elementor-top-section elementor-element elementor-element-15519d68 elementor-section-height-min-height elementor-section-boxed elementor-section-height-default elementor-section-items-middle\" data-id=\"15519d68\" data-element_type=\"section\" data-e-type=\"section\" data-settings=\"{&quot;background_background&quot;:&quot;classic&quot;,&quot;shape_divider_bottom&quot;:&quot;opacity-tilt&quot;}\">\n\t\t\t\t\t\t\t<div class=\"elementor-background-overlay\"><\/div>\n\t\t\t\t\t\t<div class=\"elementor-shape elementor-shape-bottom\" aria-hidden=\"true\" data-negative=\"false\">\n\t\t\t<svg xmlns=\"http:\/\/www.w3.org\/2000\/svg\" viewBox=\"0 0 2600 131.1\" preserveAspectRatio=\"none\">\n\t<path class=\"elementor-shape-fill\" d=\"M0 0L2600 0 2600 69.1 0 0z\"\/>\n\t<path class=\"elementor-shape-fill\" style=\"opacity:0.5\" d=\"M0 0L2600 0 2600 69.1 0 69.1z\"\/>\n\t<path class=\"elementor-shape-fill\" style=\"opacity:0.25\" d=\"M2600 0L0 0 0 130.1 2600 69.1z\"\/>\n<\/svg>\t\t<\/div>\n\t\t\t\t\t<div class=\"elementor-container elementor-column-gap-default\">\n\t\t\t\t\t<div class=\"elementor-column elementor-col-100 elementor-top-column elementor-element elementor-element-3469b88\" data-id=\"3469b88\" data-element_type=\"column\" data-e-type=\"column\">\n\t\t\t<div class=\"elementor-widget-wrap elementor-element-populated\">\n\t\t\t\t\t\t<div class=\"elementor-element elementor-element-1a006770 elementor-widget elementor-widget-heading\" data-id=\"1a006770\" data-element_type=\"widget\" data-e-type=\"widget\" data-widget_type=\"heading.default\">\n\t\t\t\t<div class=\"elementor-widget-container\">\n\t\t\t\t\t<h2 class=\"elementor-heading-title elementor-size-default\">Mie Isabell<\/h2>\t\t\t\t<\/div>\n\t\t\t\t<\/div>\n\t\t\t\t<div class=\"elementor-element elementor-element-676effdc elementor-widget elementor-widget-heading\" data-id=\"676effdc\" data-element_type=\"widget\" data-e-type=\"widget\" data-widget_type=\"heading.default\">\n\t\t\t\t<div class=\"elementor-widget-container\">\n\t\t\t\t\t<h2 class=\"elementor-heading-title elementor-size-default\">Boost dit velv\u00e6re<\/h2>\t\t\t\t<\/div>\n\t\t\t\t<\/div>\n\t\t\t\t\t<\/div>\n\t\t<\/div>\n\t\t\t\t\t<\/div>\n\t\t<\/section>\n\t\t\t\t<section class=\"elementor-section elementor-top-section elementor-element elementor-element-6760e225 elementor-section-boxed elementor-section-height-default elementor-section-height-default\" data-id=\"6760e225\" data-element_type=\"section\" data-e-type=\"section\">\n\t\t\t\t\t\t<div class=\"elementor-container elementor-column-gap-default\">\n\t\t\t\t\t<div class=\"elementor-column elementor-col-50 elementor-top-column elementor-element elementor-element-6a0647fd\" data-id=\"6a0647fd\" data-element_type=\"column\" data-e-type=\"column\">\n\t\t\t<div class=\"elementor-widget-wrap elementor-element-populated\">\n\t\t\t\t\t\t<div class=\"elementor-element elementor-element-57b59c8 elementor-widget elementor-widget-heading\" data-id=\"57b59c8\" data-element_type=\"widget\" data-e-type=\"widget\" data-widget_type=\"heading.default\">\n\t\t\t\t<div class=\"elementor-widget-container\">\n\t\t\t\t\t<h2 class=\"elementor-heading-title elementor-size-default\">Boost dit velv\u00e6re<\/h2>\t\t\t\t<\/div>\n\t\t\t\t<\/div>\n\t\t\t\t<div class=\"elementor-element elementor-element-73eb6478 elementor-widget elementor-widget-text-editor\" data-id=\"73eb6478\" data-element_type=\"widget\" data-e-type=\"widget\" data-widget_type=\"text-editor.default\">\n\t\t\t\t<div class=\"elementor-widget-container\">\n\t\t\t\t\t\t\t\t\t<ul><li>H\u00e6nger du fast i ubehagelige f\u00f8lelser eller sindstilstande som nedtrykthed, vrede, raseri, sorg jalousi, s\u00e5rethed, frygt, \u00e6ngstelse eller tomhed?<\/li><li>Har du sv\u00e6rt ved at f\u00f8le, hvad du f\u00f8ler?<\/li><li>Lider du af en fysiske sygdom som du mist\u00e6nker at v\u00e6re forbundet med ikke-udtrykte f\u00f8lelser?<\/li><li>Oplever du mange indre konflikter<\/li><li>sk\u00e6ndes du ofte med andre om placering af skyld?<\/li><li>Savner du en fornemmelse, af hvem du er?<\/li><li>Er du et offer for, eller har v\u00e6ret, for fysisk, mental eller f\u00f8lelsesm\u00e6ssig mishandling?<\/li><\/ul>\t\t\t\t\t\t\t\t<\/div>\n\t\t\t\t<\/div>\n\t\t\t\t\t<\/div>\n\t\t<\/div>\n\t\t\t\t<div class=\"elementor-column elementor-col-50 elementor-top-column elementor-element elementor-element-300353b7\" data-id=\"300353b7\" data-element_type=\"column\" data-e-type=\"column\">\n\t\t\t<div class=\"elementor-widget-wrap elementor-element-populated\">\n\t\t\t\t\t\t<div class=\"elementor-element elementor-element-8b494b1 elementor-widget elementor-widget-image\" data-id=\"8b494b1\" data-element_type=\"widget\" data-e-type=\"widget\" data-widget_type=\"image.default\">\n\t\t\t\t<div class=\"elementor-widget-container\">\n\t\t\t\t\t\t\t\t\t\t\t\t\t\t\t<img fetchpriority=\"high\" decoding=\"async\" width=\"768\" height=\"558\" src=\"https:\/\/mieisabell.dk\/wp-content\/uploads\/2023\/12\/mie_090623_V8-768x558.jpg\" class=\"attachment-medium_large size-medium_large wp-image-1196\" alt=\"\" srcset=\"https:\/\/mieisabell.dk\/wp-content\/uploads\/2023\/12\/mie_090623_V8-768x558.jpg 768w, https:\/\/mieisabell.dk\/wp-content\/uploads\/2023\/12\/mie_090623_V8-300x218.jpg 300w, https:\/\/mieisabell.dk\/wp-content\/uploads\/2023\/12\/mie_090623_V8-1024x744.jpg 1024w, https:\/\/mieisabell.dk\/wp-content\/uploads\/2023\/12\/mie_090623_V8-1536x1116.jpg 1536w, https:\/\/mieisabell.dk\/wp-content\/uploads\/2023\/12\/mie_090623_V8.jpg 2000w\" sizes=\"(max-width: 768px) 100vw, 768px\" \/>\t\t\t\t\t\t\t\t\t\t\t\t\t\t\t<\/div>\n\t\t\t\t<\/div>\n\t\t\t\t\t<\/div>\n\t\t<\/div>\n\t\t\t\t\t<\/div>\n\t\t<\/section>\n\t\t\t\t<section class=\"elementor-section elementor-top-section elementor-element elementor-element-75b7066 elementor-section-boxed elementor-section-height-default elementor-section-height-default\" data-id=\"75b7066\" data-element_type=\"section\" data-e-type=\"section\">\n\t\t\t\t\t\t<div class=\"elementor-container elementor-column-gap-default\">\n\t\t\t\t\t<div class=\"elementor-column elementor-col-100 elementor-top-column elementor-element elementor-element-9674235\" data-id=\"9674235\" data-element_type=\"column\" data-e-type=\"column\">\n\t\t\t<div class=\"elementor-widget-wrap elementor-element-populated\">\n\t\t\t\t\t\t<div class=\"elementor-element elementor-element-d8c909b elementor-widget elementor-widget-text-editor\" data-id=\"d8c909b\" data-element_type=\"widget\" data-e-type=\"widget\" data-widget_type=\"text-editor.default\">\n\t\t\t\t<div class=\"elementor-widget-container\">\n\t\t\t\t\t\t\t\t\t<p>Alle familier og mennesker er et produkt af deres opv\u00e6kst. Vi har alle indl\u00e6rte \u201dkoder\u201d for hvad der i en familie er okay at udtrykke og hvad der ikke er. I nogle familier er det bedst at v\u00e6re den \u201dp\u00e6ne\u201d pige og man m\u00e5 ikke v\u00e6re vred. I andre familier skal man ikke v\u00e6re ked af det eller nedtrykt, men altid fremst\u00e5 glad. Vi indeholder alle f\u00f8lelser og N\u00e5r vi undertrykker en eller flere dele af os, er det som en badebold vi holder nede under vandet. Den er under vand. Bolden (f\u00f8lelsen) eksisterer og det kr\u00e6ver kr\u00e6fter at blive ved med at holde den under vand.<\/p><p>Hvis du mener at tiden er inde til at forst\u00e5 dig selv og dine m\u00e5ske ubehagelige f\u00f8lelser, kan jeg hj\u00e6lpe dig.<\/p><p>Gennem en blid og st\u00e6rkt virkende metode, kan du overvinde begr\u00e6nsninger og opn\u00e5 st\u00f8rre velv\u00e6re. <strong>Essensforvandling<\/strong> er vejen til din indre kilde. Det er et indadvendt arbejde, hvor vi sammen skaber et fint, meditativt rum. Her guider jeg dig blidt igennem en proces, s\u00e5 din underbevidsthed f\u00e5r lov til at tale og finde svar og ressourcer.\u00a0 Vidste du at<\/p><p>Vores sind best\u00e5r af 90 procent styring af det ubevidste og kun 10 procent af det bevidste.\u00a0 Arbejdet med det ubevidste sind er kraftfuldt og vil du l\u00e6se mere om sammenh\u00e6ngen mellem det ubevidste og bevidste sind, kan du trykke her..<\/p><p>Denne terapiform jeg tilbyder, er en blid og st\u00e6rk m\u00e5de at skabe smukke forandringer i dit liv.<\/p><p><strong>\u2022 \u00d8nsker du st\u00f8rre velv\u00e6re<\/strong><\/p><p><strong>\u2022 Finde dine ressourcer <\/strong><\/p><p><strong>\u2022 Mere ro<\/strong><\/p>\t\t\t\t\t\t\t\t<\/div>\n\t\t\t\t<\/div>\n\t\t\t\t<div class=\"elementor-element elementor-element-825eb3e elementor-widget elementor-widget-button\" data-id=\"825eb3e\" data-element_type=\"widget\" data-e-type=\"widget\" data-widget_type=\"button.default\">\n\t\t\t\t<div class=\"elementor-widget-container\">\n\t\t\t\t\t\t\t\t\t<div class=\"elementor-button-wrapper\">\n\t\t\t\t\t<a class=\"elementor-button elementor-button-link elementor-size-sm\" href=\"#\">\n\t\t\t\t\t\t<span class=\"elementor-button-content-wrapper\">\n\t\t\t\t\t\t\t\t\t<span class=\"elementor-button-text\">Book en gratis introsamtale her.<\/span>\n\t\t\t\t\t<\/span>\n\t\t\t\t\t<\/a>\n\t\t\t\t<\/div>\n\t\t\t\t\t\t\t\t<\/div>\n\t\t\t\t<\/div>\n\t\t\t\t\t<\/div>\n\t\t<\/div>\n\t\t\t\t\t<\/div>\n\t\t<\/section>\n\t\t\t\t<\/div>\n\t\t","protected":false},"excerpt":{"rendered":"<p>Mie Isabell Boost dit velv\u00e6re Boost dit velv\u00e6re H\u00e6nger du fast i ubehagelige f\u00f8lelser eller sindstilstande som nedtrykthed, vrede, raseri, sorg jalousi, s\u00e5rethed, frygt, \u00e6ngstelse eller tomhed? Har du sv\u00e6rt ved at f\u00f8le, hvad du f\u00f8ler? Lider du af en fysiske sygdom som du mist\u00e6nker at v\u00e6re forbundet med ikke-udtrykte f\u00f8lelser? Oplever du mange indre [&hellip;]<\/p>\n","protected":false},"author":1,"featured_media":0,"parent":0,"menu_order":0,"comment_status":"closed","ping_status":"closed","template":"","meta":{"footnotes":""},"class_list":["post-1073","page","type-page","status-publish","hentry"],"_links":{"self":[{"href":"https:\/\/mieisabell.dk\/index.php\/wp-json\/wp\/v2\/pages\/1073","targetHints":{"allow":["GET"]}}],"collection":[{"href":"https:\/\/mieisabell.dk\/index.php\/wp-json\/wp\/v2\/pages"}],"about":[{"href":"https:\/\/mieisabell.dk\/index.php\/wp-json\/wp\/v2\/types\/page"}],"author":[{"embeddable":true,"href":"https:\/\/mieisabell.dk\/index.php\/wp-json\/wp\/v2\/users\/1"}],"replies":[{"embeddable":true,"href":"https:\/\/mieisabell.dk\/index.php\/wp-json\/wp\/v2\/comments?post=1073"}],"version-history":[{"count":10,"href":"https:\/\/mieisabell.dk\/index.php\/wp-json\/wp\/v2\/pages\/1073\/revisions"}],"predecessor-version":[{"id":1199,"href":"https:\/\/mieisabell.dk\/index.php\/wp-json\/wp\/v2\/pages\/1073\/revisions\/1199"}],"wp:attachment":[{"href":"https:\/\/mieisabell.dk\/index.php\/wp-json\/wp\/v2\/media?parent=1073"}],"curies":[{"name":"wp","href":"https:\/\/api.w.org\/{rel}","templated":true}]}}